{"id":264,"date":"2025-03-12T09:26:06","date_gmt":"2025-03-12T12:26:06","guid":{"rendered":"https:\/\/pt-eletrolaser.techaccus.com.br\/?page_id=264"},"modified":"2026-02-18T20:29:22","modified_gmt":"2026-02-18T23:29:22","slug":"politicas-de-cancelamento","status":"publish","type":"page","link":"https:\/\/pt-eletrolaser.techaccus.com.br\/?page_id=264","title":{"rendered":"Politicas de Cancelamento"},"content":{"rendered":"\t\t<div data-elementor-type=\"wp-page\" data-elementor-id=\"264\" class=\"elementor elementor-264\" data-elementor-post-type=\"page\">\n\t\t\t\t<div class=\"elementor-element elementor-element-740ea1dd e-flex e-con-boxed e-con e-parent\" data-id=\"740ea1dd\" data-element_type=\"container\" data-e-type=\"container\">\n\t\t\t\t\t<div class=\"e-con-inner\">\n\t\t\t\t<div class=\"elementor-element elementor-element-79df21e elementor-widget elementor-widget-text-editor\" data-id=\"79df21e\" data-element_type=\"widget\" data-e-type=\"widget\" data-widget_type=\"text-editor.default\">\n\t\t\t\t\t\t\t\t\t<p><strong>Pol\u00edtica de cancelamento &#8211; Curso EletroAcupuntura e LaserAcupuntura Lisboa<\/strong>:\u00a0<\/p>\n<p>Reembolso integral at\u00e9 15 dias ap\u00f3s a inscri\u00e7\u00e3o.<br \/>Ap\u00f3s 15 dias da inscri\u00e7\u00e3o e at\u00e9 90 dias antes, penaliza\u00e7\u00e3o de 30% sobre o valor do curso.<br \/><br \/>De 89 dias antes at\u00e9 30 dias antes 50% de penaliza\u00e7\u00e3o sobre o valor do curso.<br \/><br \/>Ap\u00f3s os 30 dias anteriores \u00e0 data do curso ou o n\u00e3o comparecimento, penaliza\u00e7\u00e3o de 100% da inscri\u00e7\u00e3o.<br \/><br \/>Podem ser alteradas as condi\u00e7\u00f5es com justificativo escrito de Forte impedimento. <br \/><br \/>Caso exista algum impedimento que impe\u00e7a a realiza\u00e7\u00e3o do curso o dinheiro ser\u00e1 devolvido na totalidade<\/p>\n<p>\u00a0<\/p>\t\t\t\t\t\t\t\t<\/div>\n\t\t\t\t<div class=\"elementor-element elementor-element-1fbb193f elementor-widget elementor-widget-text-editor\" data-id=\"1fbb193f\" data-element_type=\"widget\" data-e-type=\"widget\" data-widget_type=\"text-editor.default\">\n\t\t\t\t\t\t\t\t\t\n<p><\/p>\n\n\n\n<p><\/p>\n\t\t\t\t\t\t\t\t<\/div>\n\t\t\t\t\t<\/div>\n\t\t\t\t<\/div>\n\t\t\t\t<\/div>\n\t\t","protected":false},"excerpt":{"rendered":"<p>Pol\u00edtica de cancelamento &#8211; Curso EletroAcupuntura e LaserAcupuntura Lisboa:\u00a0 Reembolso integral at\u00e9 15 dias ap\u00f3s a inscri\u00e7\u00e3o.Ap\u00f3s 15 dias da inscri\u00e7\u00e3o e at\u00e9 90 dias antes, penaliza\u00e7\u00e3o de 30% sobre o valor do curso. De 89 dias antes at\u00e9 30 dias antes 50% de penaliza\u00e7\u00e3o sobre o valor do curso. Ap\u00f3s os 30 dias anteriores [&hellip;]<\/p>\n","protected":false},"author":1,"featured_media":0,"parent":0,"menu_order":0,"comment_status":"closed","ping_status":"closed","template":"elementor_canvas","meta":{"footnotes":""},"class_list":["post-264","page","type-page","status-publish","hentry"],"_links":{"self":[{"href":"https:\/\/pt-eletrolaser.techaccus.com.br\/index.php?rest_route=\/wp\/v2\/pages\/264","targetHints":{"allow":["GET"]}}],"collection":[{"href":"https:\/\/pt-eletrolaser.techaccus.com.br\/index.php?rest_route=\/wp\/v2\/pages"}],"about":[{"href":"https:\/\/pt-eletrolaser.techaccus.com.br\/index.php?rest_route=\/wp\/v2\/types\/page"}],"author":[{"embeddable":true,"href":"https:\/\/pt-eletrolaser.techaccus.com.br\/index.php?rest_route=\/wp\/v2\/users\/1"}],"replies":[{"embeddable":true,"href":"https:\/\/pt-eletrolaser.techaccus.com.br\/index.php?rest_route=%2Fwp%2Fv2%2Fcomments&post=264"}],"version-history":[{"count":14,"href":"https:\/\/pt-eletrolaser.techaccus.com.br\/index.php?rest_route=\/wp\/v2\/pages\/264\/revisions"}],"predecessor-version":[{"id":397,"href":"https:\/\/pt-eletrolaser.techaccus.com.br\/index.php?rest_route=\/wp\/v2\/pages\/264\/revisions\/397"}],"wp:attachment":[{"href":"https:\/\/pt-eletrolaser.techaccus.com.br\/index.php?rest_route=%2Fwp%2Fv2%2Fmedia&parent=264"}],"curies":[{"name":"wp","href":"https:\/\/api.w.org\/{rel}","templated":true}]}}